{"id":48,"date":"2018-10-09T14:40:39","date_gmt":"2018-10-09T12:40:39","guid":{"rendered":"http:\/\/magazin.wald-frieden.de\/?page_id=48"},"modified":"2024-03-11T18:05:54","modified_gmt":"2024-03-11T17:05:54","slug":"travel","status":"publish","type":"page","link":"https:\/\/www.waldfrieden.net\/en\/infos\/travel\/","title":{"rendered":"Travel"},"content":{"rendered":"<p><center><\/p>\n<h1>Travel<\/h1>\n<p><img loading=\"lazy\" decoding=\"async\" src=\"https:\/\/www.waldfrieden.net\/wp-content\/uploads\/2019\/03\/roadtowalfrieden-300x86.jpg\" alt=\"\" width=\"900\" height=\"258\" class=\"alignnone size-medium wp-image-7643\" srcset=\"https:\/\/www.waldfrieden.net\/wp-content\/uploads\/2019\/03\/roadtowalfrieden-300x86.jpg 300w, https:\/\/www.waldfrieden.net\/wp-content\/uploads\/2019\/03\/roadtowalfrieden-768x220.jpg 768w, https:\/\/www.waldfrieden.net\/wp-content\/uploads\/2019\/03\/roadtowalfrieden.jpg 1010w\" sizes=\"auto, (max-width: 900px) 100vw, 900px\" \/><br \/>\n<div class=\"su-spacer\" style=\"height:20px\"><\/div>\n<strong>Location:<\/strong><br \/>\nWaldfrieden Events, Bergstra\u00dfe 32, 32351 Stemwede \u2013 Wehdem<br \/>\n<div class=\"su-spacer\" style=\"height:20px\"><\/div>\n<iframe loading=\"lazy\" src=\"https:\/\/www.google.com\/maps\/embed?pb=!1m18!1m12!1m3!1d2432.115670670914!2d8.441494615646464!3d52.440819379799294!2m3!1f0!2f0!3f0!3m2!1i1024!2i768!4f13.1!3m3!1m2!1s0x47b0aafcc633e031%3A0x4dd607ab2597ddbf!2sWaldfrieden+Events+GmbH!5e0!3m2!1sde!2sde!4v1539778183064\" width=\"600\" height=\"450\" frameborder=\"0\" style=\"border:0\" allowfullscreen><\/iframe><br \/>\n<div class=\"su-divider su-divider-style-dashed\" style=\"margin:15px 0;border-width:3px;border-color:#cccccc\"><\/div><\/center><\/p>\n<h3>Car<\/h3>\n<p>For google maps route calculation <a title=\"Waldfrieden Routenberechnung\" href=\"http:\/\/maps.google.com\/?daddr=Waldfrieden+Events%2C+Bergstra%C3%9Fe+32%2C+32351+Stemwede+%E2%80%93+Wehdem\" target=\"_blank\" rel=\"noopener\">click here<\/a>.<\/p>\n<p>Always drive clean and sober, be aware that there are frequent police checks on the roads to the festival! Recently there were also a lot of speed cameras on the way to the festivals.<\/p>\n<div class=\"su-divider su-divider-style-dashed\" style=\"margin:15px 0;border-width:3px;border-color:#cccccc\"><\/div>\n<h3>Train<\/h3>\n<p>For all rail travelers, there are free shuttle buses from the nearby train stations \u201cLemf\u00f6rde\u201d and \u201cRahden\u201d! Check the respective event page for the shuttle schedule.<br \/>\nTo Lemf\u00f6rde you can easily get from Osnabr\u00fcck or Bremen. From Osnabr\u00fcck it takes about 15 minutes and from Bremen it takes about 50 minutes to get there.<br \/>\nFor travelers who come from Bielefeld \/ Herford it is more convenient to take the train to Rahden. <\/p>\n<p>You can visit the website of <a href=\"https:\/\/int.bahn.de\/en\" rel=\"noopener\" target=\"_blank\">Deutsche Bahn<\/a> to check train schedules or book your tickets.<\/p>\n<h3>Shuttle from railway station<\/h3>\n<p>For most of our events there is a free shuttle service from and to the nearest <strong>train stations Lemf\u00f6rde and Rahden<\/strong>. Prior registration is not required. For the exact departure times please check the information on the respective event page.<\/p>\n<div class=\"su-divider su-divider-style-dashed\" style=\"margin:15px 0;border-width:3px;border-color:#cccccc\"><\/div>\n<h3>Airplane<\/h3>\n<p>The closest airport is M\u00fcnster Osnabr\u00fcck.<\/p>\n<p>The second closest are Paderborn Lippstadt and Hannover. <\/p>\n<p>Of all these <strong>Hannover<\/strong> is by far the biggest airport with the most international flights.<\/p>\n<p>If travel by bus and train or other means is possible, please consider avoiding flying for the sake of the environment.<\/p>\n<div class=\"su-divider su-divider-style-dashed\" style=\"margin:15px 0;border-width:3px;border-color:#cccccc\"><\/div>\n<h3>Taxi<\/h3>\n<p>Here are the numbers of some taxi services in the area.<\/p>\n<p>Stemweder Berg: 0 54 43 \u2013 99 66 0<br \/>\nEngelbrecht: 0 54 43 \u2013 88 27<br \/>\nBlanke: 0 57 71 \u2013 21 07<br \/>\nWehrmann: 0 54 74 \u2013 63 10<\/p>\n<p>A taxi from Lemf\u00f6rde train station costs about 30 \u20ac.<\/p>\n<p>A taxi from Rahden train station costs about 35 \u20ac.<br \/>\n<div class=\"su-spacer\" style=\"height:20px\"><\/div>\n\n<div class=\"su-spacer\" style=\"height:60px\"><\/div><h2>Waldfrieden Events<\/h2><div class=\"su-divider su-divider-style-dashed\" style=\"margin:15px 0;border-width:2px;border-color:#cccccc\"><\/div><div class=\"su-spacer\" style=\"height:20px\"><\/div>\n \n\t     <div class=\"features\"><div class=\"cols\">\t\t\t<div class=\"col col--1of2\">\n\t\t\t    <div class=\"feature animate\">\n\t\t\t        <a href=\"\/hai-in-den-mai\/\" title=\"Hai in den Mai\">\n\t\t\t            <img decoding=\"async\" src=\"https:\/\/www.waldfrieden.net\/wp-content\/uploads\/2023\/01\/hidm_teaser_612x340-1.jpg\" alt=\"Hai in den Mai\">\n\t\t\t\n\t\t\t            <div class=\"feature__body\">\n\t\t\t                <h2>Hai in den Mai<\/h2>\n\t\t\t            <\/div><!-- \/.feature__body -->\n\t\t\t        <\/a>\n\t\t\t    <\/div><!-- \/.feature -->\n\t\t\t<\/div><!-- \/.col col-\/-1of2 -->\n\t\t\n\t\t\t\t\n\t\t\t\t\t<div class=\"col col--1of2\">\n\t\t\t    <div class=\"feature animate\">\n\t\t\t        <a href=\"\/wonderland\/\" title=\"Wonderland\">\n\t\t\t            <img decoding=\"async\" src=\"https:\/\/www.waldfrieden.net\/wp-content\/uploads\/2018\/12\/wonderland_teaser_612x340.jpg\" alt=\"Wonderland\">\n\t\t\t\n\t\t\t            <div class=\"feature__body\">\n\t\t\t                <h2>Wonderland<\/h2>\n\t\t\t            <\/div><!-- \/.feature__body -->\n\t\t\t        <\/a>\n\t\t\t    <\/div><!-- \/.feature -->\n\t\t\t<\/div><!-- \/.col col-\/-1of2 -->\n\t\t\n\t\t<\/div><\/div><br><br>\t\t\n\t\t <div class=\"features\"><div class=\"cols\">\t\t\t<div class=\"col col--1of2\">\n\t\t\t    <div class=\"feature animate\">\n\t\t\t        <a href=\"https:\/\/shop.waldfrieden.net\" title=\"Tickets\">\n\t\t\t            <img decoding=\"async\" src=\"https:\/\/www.waldfrieden.net\/wp-content\/uploads\/2023\/01\/ticket_teaser_612x340-1.jpg\" alt=\"Tickets\">\n\t\t\t\n\t\t\t            <div class=\"feature__body\">\n\t\t\t                <h2>Tickets<\/h2>\n\t\t\t            <\/div><!-- \/.feature__body -->\n\t\t\t        <\/a>\n\t\t\t    <\/div><!-- \/.feature -->\n\t\t\t<\/div><!-- \/.col col-\/-1of2 -->\n\t\t\n\t\t\t\t\n\t\t\t\t\t<div class=\"col col--1of2\">\n\t\t\t    <div class=\"feature animate\">\n\t\t\t        <a href=\"\/waldfrieden-events\/\" title=\"Events\">\n\t\t\t            <img decoding=\"async\" src=\"https:\/\/www.waldfrieden.net\/wp-content\/uploads\/2020\/09\/vermietung_teaser_612x340-1.jpg\" alt=\"Events\">\n\t\t\t\n\t\t\t            <div class=\"feature__body\">\n\t\t\t                <h2>Events<\/h2>\n\t\t\t            <\/div><!-- \/.feature__body -->\n\t\t\t        <\/a>\n\t\t\t    <\/div><!-- \/.feature -->\n\t\t\t<\/div><!-- \/.col col-\/-1of2 -->\n\t\t\n\t\t\t\t\n\t\t<\/div>\t\t\n\t\t\n \n\n","protected":false},"excerpt":{"rendered":"<p>Travel Location: Waldfrieden Events, Bergstra\u00dfe 32, 32351 Stemwede \u2013 Wehdem Car For google maps route calculation click here. Always drive clean and sober, be aware that there are frequent police checks on the roads to the festival! Recently there were also a lot of speed cameras on the way to the festivals. Train For all [&hellip;]<\/p>\n","protected":false},"author":1,"featured_media":0,"parent":15,"menu_order":0,"comment_status":"closed","ping_status":"closed","template":"","meta":{"_acf_changed":false,"footnotes":""},"class_list":["post-48","page","type-page","status-publish","hentry"],"acf":[],"_links":{"self":[{"href":"https:\/\/www.waldfrieden.net\/en\/wp-json\/wp\/v2\/pages\/48","targetHints":{"allow":["GET"]}}],"collection":[{"href":"https:\/\/www.waldfrieden.net\/en\/wp-json\/wp\/v2\/pages"}],"about":[{"href":"https:\/\/www.waldfrieden.net\/en\/wp-json\/wp\/v2\/types\/page"}],"author":[{"embeddable":true,"href":"https:\/\/www.waldfrieden.net\/en\/wp-json\/wp\/v2\/users\/1"}],"replies":[{"embeddable":true,"href":"https:\/\/www.waldfrieden.net\/en\/wp-json\/wp\/v2\/comments?post=48"}],"version-history":[{"count":26,"href":"https:\/\/www.waldfrieden.net\/en\/wp-json\/wp\/v2\/pages\/48\/revisions"}],"predecessor-version":[{"id":31417,"href":"https:\/\/www.waldfrieden.net\/en\/wp-json\/wp\/v2\/pages\/48\/revisions\/31417"}],"up":[{"embeddable":true,"href":"https:\/\/www.waldfrieden.net\/en\/wp-json\/wp\/v2\/pages\/15"}],"wp:attachment":[{"href":"https:\/\/www.waldfrieden.net\/en\/wp-json\/wp\/v2\/media?parent=48"}],"curies":[{"name":"wp","href":"https:\/\/api.w.org\/{rel}","templated":true}]}}